{"id":1491,"date":"2021-06-09T10:58:22","date_gmt":"2021-06-09T10:58:22","guid":{"rendered":"https:\/\/nova-llar.com\/?page_id=1491"},"modified":"2021-06-24T09:54:15","modified_gmt":"2021-06-24T09:54:15","slug":"aviso-legal","status":"publish","type":"page","link":"https:\/\/nova-llar.com\/?page_id=1491","title":{"rendered":"Aviso Legal"},"content":{"rendered":"\n<p><strong>LEY DE LOS SERVICIOS DE LA SOCIEDAD DE LA INFORMACI\u00d3N&nbsp;(LSSI)<\/strong><\/p>\n\n\n\n<p><strong>nova-llar.com<\/strong>, website propiedad de <strong>NOVA LLAR BENIFAY\u00d3 S.L., NIF B46844353, con domicilio en Carrrer Arquitecte Artal, 4 (Benifai\u00f3)<\/strong>, a partir de ahora <strong>nova-llar.com<\/strong>, informa a los usuarios que cumple con la vigente normativa de protecci\u00f3n de datos, y con car\u00e1cter especial, con la Ley Org\u00e1nica 15\/1999, de 13 de Diciembre, de Protecci\u00f3n de Datos de Car\u00e1cter Personal, la Ley 34\/2002.<br>De acuerdo con lo dispuesto en la normativa vigente, <strong>nova-llar.com<\/strong> s\u00f3lo recoge los datos estrictamente necesarios para ofrecer los servicios derivados de su actividad y dem\u00e1s prestaciones, servicios y actividades atribuidas por la Ley.<br>La presente pol\u00edtica de protecci\u00f3n de datos podr\u00e1 variar con el tiempo debido a los posibles cambios legislativos, jurisprudenciales o de los criterios seguidos por la Agencia Espa\u00f1ola de Protecci\u00f3n de Datos y\/o la autoridad competente en cada momento. Es por ello que <strong>nova-llar.com<\/strong> se reserva el derecho a modificar el presente aviso legal para adaptarlo a novedades legislativas o jurisprudenciales que se encuentran vigentes en el momento preciso en que se acceda a los websites, as\u00ed como a pr\u00e1cticas del sector.<br>En los anteriores supuestos <strong>nova-llar.com<\/strong> anunciar\u00e1, en esta p\u00e1gina web, los cambios introducidos con la suficiente antelaci\u00f3n a su puesta en pr\u00e1ctica.<br><br><strong>CONFIDENCIALIDAD<\/strong><br>Todos los datos proporcionados mediante correo electr\u00f3nico o formularios electr\u00f3nicos ser\u00e1n tratados seg\u00fan la normativa vigente sobre protecci\u00f3n de datos personales, y en todo caso, tendr\u00e1n el car\u00e1cter de confidencial para el personal de <strong>nova-llar.com<\/strong> que gestione dicha informaci\u00f3n.<br><br><strong>INFORMACI\u00d3N SOBRE LA VOLUNTAD DE DEJAR LOS DATOS Y SUS CONSECUENCIAS<\/strong><br><strong>VOLUNTARIEDAD<\/strong><br>Se informa a los usuarios de los websites que las respuestas a las preguntas planteadas en los formularios de recogida de datos contenidos en la presente website tienen car\u00e1cter voluntario, si bien la negativa a facilitar los datos solicitados puede comportar la imposibilidad de acceso a los servicios que lo requieran.<br><br><strong>CONSECUENCIA<\/strong><br>Mediante la implementaci\u00f3n de los formularios incluidos en los diferentes websites, relativos a servicios prestados por <strong>nova-llar.com<\/strong>, los usuarios aceptan la inclusi\u00f3n y tratamiento de los datos que proporcionen en un fichero de datos de car\u00e1cter personal, del cual es titular <strong>nova-llar.com<\/strong>, pudi\u00e9ndose ejercer los derechos pertinentes seg\u00fan la cl\u00e1usula siguiente.<br><br><strong>INFORMACI\u00d3N AL USUARIO SOBRE LOS DERECHOS DE RECTIFICACI\u00d3N, ACCESO, OPOSICI\u00d3N Y CANCELACI\u00d3N DE SUS DATOS<\/strong><br>Los usuarios podr\u00e1n ejercitar, respecto de los datos recabados en la forma descrita en el punto anterior, los derechos reconocidos en la Ley Org\u00e1nica 15\/1999, y en particular los derechos de acceso, rectificaci\u00f3n, oposici\u00f3n y\/o cancelaci\u00f3n de datos. Los derechos referidos en el p\u00e1rrafo precedente, podr\u00e1n ejercitarse por cada usuario mediante solicitud escrita y firmada, acompa\u00f1ada de fotocopia de DNI o Pasaporte, dirigida a la siguiente direcci\u00f3n:<br><br><strong><strong>NOVA LLAR BENIFAY\u00d3 S.L., NIF B46844353, con domicilio en Carrrer Arquitecte Artal, 4 (Benifai\u00f3)<\/strong><\/strong><\/p>\n\n\n\n<p><strong>A LA ATENCI\u00d3N DEL RESPONSABLE DE SEGURIDAD<\/strong><\/p>\n\n\n\n<p>Asimismo, si un usuario no desea recibir informaci\u00f3n v\u00eda correo electr\u00f3nico o cualquier otro medio, podr\u00e1 comunicarlo, por cualquier medio del que quede constancia de su recepci\u00f3n, a <strong>nova-llar.com<\/strong>, en la direcci\u00f3n indicada, o en el correo <strong><span \n                data-original-string='iC3Gzrx\/RgX\/AFo+j0nLyg==df8IADmlZg1m+0\/zW84W1aWNEpjm3vr8trPSNORe6OzTCQ='\n                class='apbct-email-encoder'\n                title='Este contacto ha sido codificado por Anti-Spam by CleanTalk. Haz clic para decodificar. Para finalizar la decodificaci\u00f3n, aseg\u00farate de que JavaScript est\u00e1 activado en tu navegador.'>co<span class=\"apbct-blur\">****<\/span>@<span class=\"apbct-blur\">*******<\/span>ar.com<\/span><\/strong>.<br><br><strong>INFORMACI\u00d3N SOBRE LOS DATOS QUE SE CONSERVAN, DURANTE CUANTO TIEMPO Y CON QUE FINALIDAD<\/strong><br><strong>DATOS QUE SE CONSERVAN<\/strong><br>Exclusivamente datos de contacto (car\u00e1cter b\u00e1sico), como son el nombre, apellido y e-mail. Esta informaci\u00f3n es recibida por <strong>nova-llar.com<\/strong> y nunca es vendida, cedida o arrendada a otras empresas, exceptuando el caso l\u00f3gico para la prestaci\u00f3n del servicio.<br><strong>nova-llar.com<\/strong> es responsable de dichos ficheros de datos de car\u00e1cter personal, creados por y para <strong>nova-llar.com<\/strong>, con las finalidades de realizar el mantenimiento y gesti\u00f3n de la relaci\u00f3n con los usuarios, informaci\u00f3n y distribuci\u00f3n de los productos de la organizaci\u00f3n, as\u00ed como la realizaci\u00f3n de actividades diversas.<br><br><strong>CON QUE FINALIDAD<\/strong><br>Asimismo, le informamos que la informaci\u00f3n de las bases de datos podr\u00e1 ser usada para la identificaci\u00f3n de los usuarios y para la realizaci\u00f3n de estudios estad\u00edsticos de los usuarios registrados.<br>Durante el proceso de recogida de datos, y siempre que se soliciten datos, los usuarios ser\u00e1n informados del car\u00e1cter obligatorio o voluntario de la recogida de datos y, en caso de que no se deduzca impl\u00edcitamente del formulario electr\u00f3nico en cuesti\u00f3n, de la necesidad de implementaci\u00f3n de los mismos para el acceso de los usuarios a determinados contenidos facilitados en los websites.<br>En su caso, se solicitar\u00e1 a los usuarios su consentimiento para que <strong>nova-llar.com<\/strong> pueda hacer uso de sus datos a fin de remitirle informaci\u00f3n relativa a la entidad, a las actividades que desarrolla o a otros temas relacionados.<br><br><strong>COMPROMISO DEL USUARIO PARA QUE SUS DATOS EST\u00c9N INSCRITOS EN UN FICHERO<\/strong><br>El introducir los datos en alguna o algunas de las hojas de captaci\u00f3n de datos implica el aceptar las presentes condiciones de uso y pol\u00edtica de privacidad, dando por entendido que ha sido informado de las condiciones de uso y aviso legal de las mismas y que se compromete a su entero cumplimiento durante la navegaci\u00f3n y participaci\u00f3n en <strong>nova-llar.com<\/strong> .<br><br><strong>EVITAR LA TRANSMISI\u00d3N DE DATOS A TERCERAS EMPRESAS SIN CONSENTIMIENTO EXPRESO DEL USUARIO<\/strong><br>Asimismo, y salvo que se haya informado al usuario de la posible existencia de cesiones de sus datos a terceros, y se haya recabado su consentimiento a las mismas, en ning\u00fan caso, salvo los casos amparados por la legislaci\u00f3n vigente, ning\u00fan tercero ajeno a <strong>nova-llar.com<\/strong> tendr\u00e1 acceso, sin el consentimiento expreso de los usuarios, a sus datos personales y\/o de navegaci\u00f3n. En el resto de los casos <strong>nova-llar.com<\/strong> colaborar\u00e1 para que los terceros cumplan con la legislaci\u00f3n vigente, si bien la responsabilidad ser\u00e1 exigible a los citados terceros.<br><strong>nova-llar.com<\/strong> no vende, alquila o cede los datos personales de los usuarios de esta web, a excepci\u00f3n del caso que sea necesario para la propia prestaci\u00f3n del servicio.<br><strong>nova-llar.com<\/strong> no vende, alquila o cede los e-mails de sus usuarios a otras empresas, a excepci\u00f3n del caso que sea necesario para la propia prestaci\u00f3n del servicio.<br><br><strong>BAJA DE LA LISTA DE DISTRIBUCI\u00d3N DE INFORMACI\u00d3N<\/strong><br>Ocasionalmente, <strong>nova-llar.com<\/strong> env\u00eda un e-mail notificando mejoras, novedades u ofertas, que se produzcan en esta p\u00e1gina web de <strong>nova-llar.com<\/strong>.<br>En cualquier momento pueden darse de baja enviando un e-mail a <strong><span \n                data-original-string='COKhZPHjkCb5HD9yALOkGg==df8KP+fxCmhzK\/P0CgnhVeC7kSlWvrBZrZUPoQCpnesHkM='\n                class='apbct-email-encoder'\n                title='Este contacto ha sido codificado por Anti-Spam by CleanTalk. Haz clic para decodificar. Para finalizar la decodificaci\u00f3n, aseg\u00farate de que JavaScript est\u00e1 activado en tu navegador.'>co<span class=\"apbct-blur\">****<\/span>@<span class=\"apbct-blur\">*******<\/span>ar.com<\/span><\/strong> (consignar la direcci\u00f3n por el departamento correspondiente).<br><br><strong>RESPONSABILIDAD DE LOS USUARIOS POR USO Y CONTENIDO<\/strong><br>Tanto el acceso a los websites como el uso que pueda realizarse de la informaci\u00f3n y contenidos incluidos en los mismos, ser\u00e1 de exclusiva responsabilidad de quien lo realice.<br>Por tanto, el uso que pueda hacerse de la informaci\u00f3n, im\u00e1genes, contenidos y\/o productos rese\u00f1ados y accesibles a trav\u00e9s del mismo, estar\u00e1 supeditada a la legalidad, sea nacional o internacional, aplicable, as\u00ed como a los principios de buena fe y uso l\u00edcito por parte de los usuarios, quienes ser\u00e1n enteramente responsables de dicho acceso y correcto uso.<br>Los usuarios estar\u00e1n obligados a hacer un uso razonable de los servicios o contenidos, bajo el principio de buena fe y con respeto a la legalidad vigente, a la moral, al orden p\u00fablico, a las buenas costumbres, a los derechos de terceros o de la propia <strong>nova-llar.com<\/strong>, todo ello seg\u00fan las posibilidades y fines para los que est\u00e1n concebidos.<br><strong>nova-llar.com<\/strong> no asume responsabilidades, ya sean directas o indirectas, por da\u00f1o emergente o lucro cesante, derivadas del mal uso de los servicios o contenidos realizado por los usuarios o terceros.<br><br><strong>INFORMACI\u00d3N LSSI-CE<\/strong><br>En cumplimiento del deber de informaci\u00f3n contemplado en el art\u00edculo 10 de la vigente Ley 34\/2002, de 11 de julio, de Servicios de la Sociedad de la Informaci\u00f3n y de Comercio Electr\u00f3nico, le comunicamos que el responsable de la web <strong>nova-llar.com<\/strong>, desde donde puede descargar diferentes aplicaciones, es<strong> <strong>NOVA LLAR BENIFAY\u00d3 S.L., NIF B46844353, con domicilio en Carrrer Arquitecte Artal, 4 (Benifai\u00f3)<\/strong> <\/strong>, inscrito en el registro correspondiente, atendiendo a comunicaciones de los usuarios y\/o interesados en la siguiente direcci\u00f3n de correo electr\u00f3nico: <strong><span \n                data-original-string='Deb+YaTMr\/viRBBaHolr1g==df8Rsg\/Xt9jJ+KAdhSjturivrXyTaAMAAfhtBQQne4KpSo='\n                class='apbct-email-encoder'\n                title='Este contacto ha sido codificado por Anti-Spam by CleanTalk. Haz clic para decodificar. Para finalizar la decodificaci\u00f3n, aseg\u00farate de que JavaScript est\u00e1 activado en tu navegador.'>co<span class=\"apbct-blur\">****<\/span>@<span class=\"apbct-blur\">*******<\/span>ar.com<\/span><\/strong>.<br><br><strong>CONCEPTO DE USUARIO<\/strong><br>La utilizaci\u00f3n de la web atribuye la condici\u00f3n de usuario, e implica la aceptaci\u00f3n plena y sin reservas de todas y cada una de las disposiciones incluidas en este Aviso Legal en la versi\u00f3n publicada por <strong>nova-llar.com<\/strong> en el mismo momento en que el usuario acceda a la web. En consecuencia, el usuario debe leer atentamente el presente Aviso Legal en cada una de las ocasiones en que se proponga utilizar la web, ya que puede sufrir modificaciones.<br><br><strong>INFORMACI\u00d3N SOBRE LOS LINKS<\/strong><br><strong>nova-llar.com<\/strong> no se hace responsable de las webs no propias a las que se puede acceder mediante v\u00ednculos \u00ablinks\u00bb o de cualquier contenido puesto a disposici\u00f3n por terceros.<br>Cualquier uso de un v\u00ednculo o acceso a una web no propia es realizado por voluntad y riesgo exclusivo del usuario y <strong>nova-llar.com<\/strong> no recomienda ni garantiza ninguna informaci\u00f3n obtenida a trav\u00e9s de un v\u00ednculo ajeno a <strong>nova-llar.com<\/strong>, ni se responsabiliza de ninguna p\u00e9rdida, reclamaci\u00f3n o perjuicio derivado del uso o mal uso de un v\u00ednculo, o de la informaci\u00f3n obtenida a trav\u00e9s de \u00e9l, incluyendo otros v\u00ednculos o webs, de la interrupci\u00f3n en el servicio o en el acceso, o del intento de usar o usar mal un v\u00ednculo, tanto al conectar a la web de <strong>nova-llar.com<\/strong>, como al acceder a la informaci\u00f3n de otras webs desde la web de <strong>nova-llar.com<\/strong>.<br><br><strong>INFORMACI\u00d3N SOBRE LA UTILIZACI\u00d3N DE COOKIES<\/strong><br>En esta web se pueden estar utilizando cookies en algunas p\u00e1ginas.<br>La finalidad de dichas cookies es mejorar el servicio que ofrecen a sus clientes y a nuestros visitantes.<br>Las cookies son peque\u00f1os ficheros de datos que se generan en el ordenador del usuario y que permiten obtener la siguiente informaci\u00f3n:<br>* Fecha y hora de la \u00faltima vez que el usuario visit\u00f3 la web.<br>* Dise\u00f1o de contenido que el usuario escogi\u00f3 en su primera visita a la web.<br>* Elementos de seguridad que intervienen en el control de acceso a las \u00e1reas restringidas.<br><br><strong>RENUNCIA Y LIMITACI\u00d3N DE LA RESPONSABILIDAD<\/strong><br>La informaci\u00f3n y servicios incluidos o disponibles a trav\u00e9s de las p\u00e1ginas web pueden incluir incorrecciones o errores tipogr\u00e1ficos.<br>De forma peri\u00f3dica se incorporan cambios a la informaci\u00f3n contenida.<br><strong>nova-llar.com<\/strong> puede introducir en cualquier momento mejoras y\/o cambios en los servicios o contenidos.<br><strong>nova-llar.com<\/strong> ha obtenido la informaci\u00f3n y los materiales incluidos en la web de fuentes consideradas como fiables, pero, si bien se han tomado las medidas correspondientes para asegurar que la informaci\u00f3n contenida sea correcta, no garantiza que sea exacta y actualizada.<br>Tambi\u00e9n se advierte que los contenidos de esta web, tienen finalidad informativa en cuanto a la calidad, situaci\u00f3n, alojamiento, servicios y tarifas de <strong>nova-llar.com<\/strong>.<br><br><strong>INFORMACI\u00d3N SOBRE LA EXENCI\u00d3N DE TODA LA RESPONSABILIDAD DERIVADA DE UN FALLO T\u00c9CNICO Y DE CONTENIDO<\/strong><br><strong>nova-llar.com<\/strong> declina cualquier responsabilidad en caso de que existan interrupciones o un mal funcionamiento de los servicios o contenidos ofrecidos en Internet, cualquiera que sea su causa. Asimismo, <strong>nova-llar.com<\/strong> no se hace responsable por ca\u00eddas de la red, p\u00e9rdidas de negocio a consecuencia de dichas ca\u00eddas, suspensiones temporales del fluido el\u00e9ctrico o cualquier otro tipo de da\u00f1o indirecto que le pueda ser causado a los usuarios por causas ajenas a <strong>nova-llar.com<\/strong>.<br><strong>nova-llar.com<\/strong> no declara ni garantiza que los servicios o contenidos sean interrumpidos o que est\u00e9n libres de errores, que los defectos sean corregidos, o que el servicio o el servidor que lo pone a disposici\u00f3n est\u00e9n libres de virus u otros componentes nocivos, sin perjuicio de que <strong>nova-llar.com<\/strong> realiza sus mejores esfuerzos en evitar este tipo de incidentes.<br>En caso de que el usuario tomara determinadas decisiones o realizara acciones con base a la informaci\u00f3n incluida en cualquiera de los websites, se recomienda la comprobaci\u00f3n de la informaci\u00f3n recibida con otras fuentes.<br><br><strong>PROPIEDAD INDUSTRIAL E INTELECTUAL<\/strong><br>Los contenidos prestados por <strong>nova-llar.com<\/strong>, as\u00ed como los contenidos vertidos en la red a trav\u00e9s de sus p\u00e1ginas web, constituyen una obra en el sentido de la legislaci\u00f3n sobre propiedad intelectual por lo que se hallan protegidos por las leyes y convenios internacionales aplicables en la materia.<br>Queda prohibida cualquier forma de reproducci\u00f3n, distribuci\u00f3n, comunicaci\u00f3n p\u00fablica, transformaci\u00f3n, puesta a disposici\u00f3n y, en general, cualquier otro acto de explotaci\u00f3n p\u00fablica referido tanto a las p\u00e1ginas web como a sus contenidos e informaci\u00f3n, sin el expreso y previo consentimiento y por escrito de <strong>nova-llar.com<\/strong>.<br>En consecuencia, todos los contenidos que se muestran en los diferentes websites y en especial, dise\u00f1os, textos, gr\u00e1ficos, logotipos, iconos, botones, software, nombres comerciales, marcas, dibujos industriales o cualquier otro signo susceptible de utilizaci\u00f3n industrial y comercial, est\u00e1n sujetos a derechos de propiedad intelectual e industrial de <strong>nova-llar.com<\/strong> o de terceros titulares de los mismos que han autorizado debidamente su inclusi\u00f3n en los diferentes websites.<br>Los contenidos, im\u00e1genes, formas, opiniones, \u00edndices y dem\u00e1s expresiones formales que formen parte de las p\u00e1ginas web, as\u00ed como el software necesario para el funcionamiento y visualizaci\u00f3n de las mismas, constituyen asimismo una obra en el sentido del Derecho de Autor y quedan, por lo tanto, protegidas por las convenciones internacionales y legislaciones nacionales en materia de Propiedad intelectual que resulten aplicables. El incumplimiento de lo se\u00f1alado implica la comisi\u00f3n de graves actos il\u00edcitos y su sanci\u00f3n por la legislaci\u00f3n civil y penal.<br>Queda prohibido todo acto por virtud del cual los usuarios de los servicios o contenidos puedan explotar o servirse comercialmente, directa o indirectamente, en su totalidad o parcialmente, de cualquiera de los contenidos, im\u00e1genes, formas, \u00edndices y dem\u00e1s expresiones formales que formen parte de las p\u00e1ginas web sin permiso previo y por escrito de <strong>nova-llar.com<\/strong>.<br>En concreto, y sin car\u00e1cter exhaustivo, quedan prohibidos los actos de reproducci\u00f3n, distribuci\u00f3n, exhibici\u00f3n, transmisi\u00f3n, retransmisi\u00f3n, emisi\u00f3n en cualquier forma, almacenamiento en soportes f\u00edsicos o l\u00f3gicos (por ejemplo, disquetes o disco duro de ordenadores), digitalizaci\u00f3n o puesta a disposici\u00f3n desde bases de datos distintas de las pertenecientes a las autorizadas por <strong>nova-llar.com<\/strong>, as\u00ed como su traducci\u00f3n, adaptaci\u00f3n, arreglo o cualquier otra transformaci\u00f3n de dichas opiniones, im\u00e1genes, formas, \u00edndices y dem\u00e1s expresiones formales que se pongan a disposici\u00f3n de los usuarios a trav\u00e9s de los servicios o contenidos, en tanto tales actos est\u00e9n sometidos a la legislaci\u00f3n aplicable en materia de Propiedad intelectual, industrial o de protecci\u00f3n de la imagen.<br><strong>nova-llar.com<\/strong> es libre de limitar el acceso a las p\u00e1ginas web, y a los productos y\/o servicios en ellas ofrecidos, as\u00ed como la consiguiente publicaci\u00f3n de las opiniones, observaciones, im\u00e1genes o comentarios que los usuarios puedan hacerle llegar a trav\u00e9s del e-mail.<br><strong>nova-llar.com<\/strong>, en este sentido, podr\u00e1 establecer, si lo considera oportuno, sin perjuicio de la \u00fanica y exclusiva responsabilidad de los usuarios, los filtros necesarios a fin de evitar que a trav\u00e9s de sus p\u00e1ginas web puedan verterse en la red contenidos u opiniones, considerados como racistas, xen\u00f3fobos, discriminatorios, pornogr\u00e1ficos, difamatorios o que, de cualquier modo, fomenten la violencia o la diseminaci\u00f3n de contenidos claramente il\u00edcitos o nocivos.<br>Aquellos usuarios que env\u00eden a las p\u00e1ginas web de <strong>nova-llar.com<\/strong>, a su departamento de sugerencias, observaciones, opiniones o comentarios por medio del servicio de correo electr\u00f3nico, salvo que expresen de manera cierta e inconfundible lo contrario, en los casos en los que por la naturaleza de los servicios o contenidos ello sea posible, se entiende que autorizan a <strong>nova-llar.com<\/strong> para la reproducci\u00f3n, distribuci\u00f3n, exhibici\u00f3n, transmisi\u00f3n, retransmisi\u00f3n, emisi\u00f3n en cualquier formato, almacenamiento en soportes f\u00edsicos o l\u00f3gicos (por ejemplo, disquetes o disco duro de ordenadores), digitalizaci\u00f3n, puesta a disposici\u00f3n desde bases de datos pertenecientes a <strong>nova-llar.com<\/strong>, traducci\u00f3n, adaptaci\u00f3n, arreglo o cualquier otra transformaci\u00f3n de tales observaciones, opiniones o comentarios, por todo el tiempo de protecci\u00f3n de derecho de autor que est\u00e9 previsto legalmente. Asimismo, se entiende que esta autorizaci\u00f3n se hace a t\u00edtulo gratuito, y que por el solo hecho de enviar por e-mail tales observaciones, opiniones o comentarios, los usuarios declinan cualquier pretensi\u00f3n remuneratoria por parte de <strong>nova-llar.com<\/strong>.<br>De acuerdo con lo se\u00f1alado en el p\u00e1rrafo anterior, <strong>nova-llar.com<\/strong> queda autorizada igualmente para proceder a la modificaci\u00f3n o alteraci\u00f3n de tales observaciones, opiniones o comentarios, a fin de adaptarlos a las necesidades de formato editorial de las p\u00e1ginas web, sin que por ello pueda entenderse que existe en absoluto cualquier tipo de lesi\u00f3n de cualquiera de las facultades morales de derecho de autor que los usuarios pudieran ostentar sobre aqu\u00e9llas.<br>Quedan prohibidos cualquiera de los recursos t\u00e9cnicos, l\u00f3gicos o tecnol\u00f3gicos por virtud de los cuales un tercero pueda beneficiarse, directa o indirectamente, con o sin lucro, de todos y cada uno de los contenidos, formas, \u00edndices y dem\u00e1s expresiones formales que formen parte de las p\u00e1ginas web, o del esfuerzo llevado a cabo por <strong>nova-llar.com<\/strong> para su funcionamiento. En concreto, queda prohibido todo link, hyperlink, framing o v\u00ednculo similar que pueda establecerse en direcci\u00f3n a las p\u00e1ginas web de <strong>nova-llar.com<\/strong>, sin el consentimiento previo, expreso y por escrito de <strong>nova-llar.com<\/strong>. Cualquier trasgresi\u00f3n de lo dispuesto en este punto ser\u00e1 considerada como lesi\u00f3n de los leg\u00edtimos derechos de Propiedad intelectual de <strong>nova-llar.com<\/strong> sobre las p\u00e1ginas web y todos los contenidos de las mismas.<br><strong>nova-llar.com<\/strong> no asumir\u00e1 responsabilidad alguna ante consecuencias derivadas de las conductas y actuaciones antes citadas, del mismo modo que no asumir\u00e1 responsabilidad alguna por los contenidos, servicios, productos, etc,\u2026 de terceros a los que se pueda acceder directamente o a trav\u00e9s de banners, enlaces, links, hyperlinks, framing o v\u00ednculos similares desde los websites de <strong>nova-llar.com<\/strong><\/p>\n","protected":false},"excerpt":{"rendered":"<p>LEY DE LOS SERVICIOS DE LA SOCIEDAD DE LA INFORMACI\u00d3N&nbsp;(LSSI) nova-llar.com, website propiedad de NOVA LLAR BENIFAY\u00d3 S.L., NIF B46844353, con domicilio en Carrrer Arquitecte Artal, 4 (Benifai\u00f3), a partir de ahora nova-llar.com, informa a los usuarios que cumple con la vigente normativa de protecci\u00f3n de datos, y con car\u00e1cter especial, con la Ley Org\u00e1nica&hellip;&nbsp;<a href=\"https:\/\/nova-llar.com\/?page_id=1491\" rel=\"bookmark\">Leer m\u00e1s &raquo;<span class=\"screen-reader-text\">Aviso Legal<\/span><\/a><\/p>\n","protected":false},"author":1,"featured_media":0,"parent":0,"menu_order":0,"comment_status":"closed","ping_status":"closed","template":"","meta":{"neve_meta_sidebar":"full-width","neve_meta_container":"","neve_meta_enable_content_width":"on","neve_meta_content_width":100,"neve_meta_title_alignment":"","neve_meta_author_avatar":"","neve_post_elements_order":"","neve_meta_disable_header":"","neve_meta_disable_footer":"","neve_meta_disable_title":"","footnotes":""},"class_list":["post-1491","page","type-page","status-publish","hentry"],"_links":{"self":[{"href":"https:\/\/nova-llar.com\/index.php?rest_route=\/wp\/v2\/pages\/1491","targetHints":{"allow":["GET"]}}],"collection":[{"href":"https:\/\/nova-llar.com\/index.php?rest_route=\/wp\/v2\/pages"}],"about":[{"href":"https:\/\/nova-llar.com\/index.php?rest_route=\/wp\/v2\/types\/page"}],"author":[{"embeddable":true,"href":"https:\/\/nova-llar.com\/index.php?rest_route=\/wp\/v2\/users\/1"}],"replies":[{"embeddable":true,"href":"https:\/\/nova-llar.com\/index.php?rest_route=%2Fwp%2Fv2%2Fcomments&post=1491"}],"version-history":[{"count":4,"href":"https:\/\/nova-llar.com\/index.php?rest_route=\/wp\/v2\/pages\/1491\/revisions"}],"predecessor-version":[{"id":1503,"href":"https:\/\/nova-llar.com\/index.php?rest_route=\/wp\/v2\/pages\/1491\/revisions\/1503"}],"wp:attachment":[{"href":"https:\/\/nova-llar.com\/index.php?rest_route=%2Fwp%2Fv2%2Fmedia&parent=1491"}],"curies":[{"name":"wp","href":"https:\/\/api.w.org\/{rel}","templated":true}]}}