{"id":1493,"date":"2021-06-09T10:59:03","date_gmt":"2021-06-09T10:59:03","guid":{"rendered":"https:\/\/nova-llar.com\/?page_id=1493"},"modified":"2021-06-24T09:47:38","modified_gmt":"2021-06-24T09:47:38","slug":"politica-de-privacidad","status":"publish","type":"page","link":"https:\/\/nova-llar.com\/?page_id=1493","title":{"rendered":"Pol\u00edtica de Cookies"},"content":{"rendered":"\n<p>C<strong>OOKIES<\/strong><\/p>\n\n\n\n<p>Esta web utiliza tanto \u2018cookies\u2019 temporales de sesi\u00f3n como \u2018cookies\u2019 permanentes. Las \u2018cookies\u2019 de sesi\u00f3n almacenan datos \u00fanicamente mientras el usuario accede a la web y las \u2018cookies\u2019 permanentes almacenan los datos en el terminal para que sean accedidos y utilizados en m\u00e1s de una sesi\u00f3n.<\/p>\n\n\n\n<p>Seg\u00fan la finalidad para la que se traten los datos obtenidos a trav\u00e9s de las \u2018cookies\u2019, el web puede utilizar:<\/p>\n\n\n\n<p><strong>\u2018Cookies\u2019 t\u00e9cnicas<\/strong><br>Son aqu\u00e9llas que permiten al usuario la navegaci\u00f3n a trav\u00e9s de la p\u00e1gina web o aplicaci\u00f3n y la utilizaci\u00f3n de las diferentes opciones o servicios que en ella existen. Por ejemplo, controlar el tr\u00e1fico y la comunicaci\u00f3n de datos, identificar la sesi\u00f3n, acceder a las partes web de acceso restringido, recordar los elementos que integran un pedido, realizar la solicitud de inscripci\u00f3n o participaci\u00f3n en un evento, utilizar elementos de seguridad durante la navegaci\u00f3n y almacenar contenidos para la difusi\u00f3n de videos o sonido.<\/p>\n\n\n\n<p><strong>\u2018Cookies\u2019 de personalizaci\u00f3n<\/strong><br>Son aqu\u00e9llas que permiten al usuario acceder al servicio con algunas caracter\u00edsticas de car\u00e1cter general predefinidas en su terminal o que el propio usuario defina. Por ejemplo, el idioma, el tipo de navegador a trav\u00e9s del cual accede al servicio, el dise\u00f1o de contenidos seleccionado, geolocalizaci\u00f3n del terminal y la configuraci\u00f3n regional desde donde se accede al servicio.<\/p>\n\n\n\n<p><strong>\u2018Cookies\u2019 publicitarias<\/strong><br>Son aqu\u00e9llas que permiten la gesti\u00f3n eficaz de los espacios publicitarios que se han incluido en la p\u00e1gina web o aplicaci\u00f3n desde la que se presta el servicio. Permiten adecuar el contenido de la publicidad para que esta sea relevante para el usuario y para evitar mostrar anuncios que el usuario ya haya visto.<\/p>\n\n\n\n<p><strong>\u2018Cookies\u2019 de an\u00e1lisis estad\u00edstico<\/strong><br>Son aqu\u00e9llas que permiten realizar el seguimiento y an\u00e1lisis del comportamiento de los usuarios en los sitios web. La informaci\u00f3n recogida mediante este tipo de \u2018cookies\u2019 se utiliza en la medici\u00f3n de la actividad de los sitios web, aplicaci\u00f3n o plataforma y para la elaboraci\u00f3n de perfiles de navegaci\u00f3n de los usuarios de dichos sitios, con el fin de introducir mejoras en el servicio en funci\u00f3n de los datos de uso que hacen los usuarios.<\/p>\n\n\n\n<p><strong>\u2018Cookies\u2019 de terceros<\/strong><br>En algunas p\u00e1ginas web se pueden instalar \u2018cookies\u2019 de terceros que permiten gestionar y mejorar los servicios ofrecidos. Como por ejemplo, servicios estad\u00edsticos de Google Analytics y Comscore.<\/p>\n\n\n\n<p><strong>\u00bfC\u00f3mo administrar \u2018cookies\u2019 en el navegador?<br><\/strong><br>El usuario tiene la opci\u00f3n de permitir, bloquear o eliminar las \u2018cookies\u2019 instaladas en su equipo mediante la configuraci\u00f3n de las opciones del navegador instalado en su terminal:<\/p>\n\n\n\n<p>Para ajustar los permisos relacionados con las \u2018cookies\u2019 en el navegador&nbsp;<strong>Google Chrome<\/strong>:<br>\u2013 Hacer clic en el men\u00fa situado en la barra de herramientas.<br>\u2013 Seleccionar Configuraci\u00f3n.<br>\u2013 Hacer clic en Mostrar opciones avanzadas.<br>\u2013 En la secci\u00f3n \u2018Privacidad\u2019 hacer clic en el bot\u00f3n Configuraci\u00f3n de contenido.<br>\u2013 En la secci\u00f3n de \u2018Cookies\u2019 se pueden configurar las opciones.<br><em>[&nbsp;<\/em><a href=\"https:\/\/support.google.com\/chrome\/answer\/95647?hl=es\"><em>M\u00e1s informaci\u00f3n sobre Google Chrome<\/em><\/a><em>&nbsp;]<\/em><\/p>\n\n\n\n<p>Para ajustar los permisos relacionados con las \u2018cookies\u2019 en el navegador&nbsp;<strong>Mozilla Firefox<\/strong>:<br>\u2013 En la parte superior de la ventana de Firefox hacer clic en el men\u00fa Herramientas.<br>\u2013 Seleccionar Opciones.<br>\u2013 Seleccionar el panel Privacidad.<br>\u2013 En la opci\u00f3n Firefox podr\u00e1 elegir Usar una configuraci\u00f3n personalizada para el historial para configurar las opciones.<br><em>[&nbsp;<\/em><a href=\"https:\/\/support.mozilla.org\/es\/kb\/cookies-informacion-que-los-sitios-web-guardan-en-\"><em>M\u00e1s informaci\u00f3n sobre Mozilla Firefox<\/em><\/a><em>&nbsp;]<\/em><\/p>\n\n\n\n<p>Para ajustar los permisos relacionados con las \u2018cookies\u2019 en el navegador&nbsp;<strong>Internet Explorer 9<\/strong>:<br>\u2013 En la parte superior de la ventana de Internet Explorer hacer clic en el men\u00fa Herramientas.<br>\u2013 Seleccionar la pesta\u00f1a de Seguridad y utilizar la opci\u00f3n Eliminar el historial de exploraci\u00f3n para eliminar las \u2018cookies\u2019. Activar la casilla \u2018Cookies\u2019 y, a continuaci\u00f3n, hacer clic en Eliminar.<br>\u2013 Seleccionar la pesta\u00f1a de Seguridad y acceder a Configuraci\u00f3n.<br>Mover el control deslizante totalmente hacia arriba para bloquear todas las \u2018cookies\u2019 o totalmente hacia abajo para permitir todas las \u2018cookies\u2019.<br>Tras ello, hacer clic en Aceptar.<br>En algunos navegadores se pueden configurar reglas espec\u00edficas para administrar \u2018cookies\u2019 por sitio web, lo que ofrece un control m\u00e1s preciso sobre la privacidad.<br>Esto significa que se puede inhabilitar \u2018cookies\u2019 de todos los sitios salvo de aquellos en los que se conf\u00ede.<br>&nbsp;<\/p>\n\n\n\n<p><strong>Gesti\u00f3n de Cookies<\/strong><\/p>\n\n\n\n<p>La instalaci\u00f3n de las&nbsp;<strong>cookies<\/strong>&nbsp;se producir\u00e1 tras obtener el consentimiento de los usuarios. Consideramos que hemos obtenido dicho&nbsp;<strong>consentimiento&nbsp;<\/strong>si el usuario navega por nuestro sitio web, o si realiza determinadas acciones que implican la autorizaci\u00f3n expresa de la instalaci\u00f3n de las&nbsp;<strong>cookies<\/strong>&nbsp;(p.ej. al rellenar el formulario de contacto o al escoger el idioma del sitio web).<\/p>\n\n\n\n<p>Si el usuario desea&nbsp;<strong>revocar&nbsp;<\/strong>el consentimiento prestado deber\u00e1 eliminar las cookies instaladas y, en su caso, modificar sus preferencias sobre la aceptaci\u00f3n de&nbsp;<strong>cookies<\/strong>&nbsp;a trav\u00e9s de las opciones de su navegador. Para evitar que se instalen en el futuro deber\u00e1 activar las opciones de Navegaci\u00f3n Privada o \u201cDo-Not-Track\u201d previstas en su navegador, es decir,&nbsp;<strong>bloquear o desactivar la instalaci\u00f3n de cookies<\/strong>.<\/p>\n\n\n\n<p><strong>Para permitir, bloquear o eliminar las cookies instaladas<\/strong>&nbsp;en su equipo o dispositivo mediante la configuraci\u00f3n de las opciones del navegador instalado en el mismo, debe seguir las instrucciones proporcionadas por el propio navegador. A continuaci\u00f3n le proporcionamos los enlaces para configurar las cookies de los navegadores m\u00e1s populares:<\/p>\n\n\n\n<p><strong>\u2022 Internet Explorer:<\/strong>&nbsp;<a href=\"https:\/\/privacy.microsoft.com\/es-es\/windows-10-microsoft-edge-and-privacy\" target=\"_blank\" rel=\"noreferrer noopener\">Elimina y administra cookies<\/a>,<br><strong>\u2022 Mozilla Firefox:<\/strong>&nbsp;<a href=\"https:\/\/support.mozilla.org\/es\/kb\/Borrar%20cookies\" target=\"_blank\" rel=\"noreferrer noopener\">Borrar Cookies<\/a>&nbsp;y&nbsp;<a href=\"https:\/\/support.mozilla.org\/es\/kb\/impedir-que-los-sitios-web-guarden-sus-preferencia\" target=\"_blank\" rel=\"noreferrer noopener\">Bloquear cookies<\/a>,<br><strong>\u2022 Google Chrome:<\/strong>&nbsp;<a href=\"https:\/\/support.google.com\/chrome\/answer\/95647?hl=es\" target=\"_blank\" rel=\"noreferrer noopener\">Borrar, habilitar y administrar cookies<\/a>,<br><strong>\u2022 Opera:<\/strong>&nbsp;<a href=\"https:\/\/help.opera.com\/en\/latest\/web-preferences\/#cookies\" target=\"_blank\" rel=\"noreferrer noopener\">Opciones de cookies<\/a>,<br><strong>\u2022 Safari:<\/strong>&nbsp;<a href=\"https:\/\/support.apple.com\/es-es\/guide\/safari\/sfri11471\/mac\" target=\"_blank\" rel=\"noreferrer noopener\">Gestionar cookies<\/a>,<\/p>\n\n\n\n<p>Si utiliza cualquier otro navegador, o los enlaces proporcionados no contienen la informaci\u00f3n que desea, puede localizar c\u00f3mo&nbsp;<strong>gestionar las cookies<\/strong>&nbsp;que se instalan en su equipo accediendo al men\u00fa \u201cOpciones\u201d o \u201cConfiguraci\u00f3n\u201d \u2013o equivalente- del navegador, o bien consultando la secci\u00f3n de \u201cAyuda\u201d o \u201cSoporte\u201d del propio navegador.<\/p>\n\n\n\n<p>Hay navegadores que permiten configurar&nbsp;<strong>reglas espec\u00edficas<\/strong>&nbsp;\u2013excepciones- para administrar las cookies por sitio web, de forma que pueden inhabilitarse las&nbsp;<strong>cookies<\/strong>&nbsp;de todos los sitios salvo de aquellos en los que se conf\u00ede.<\/p>\n\n\n\n<p>En caso de desear desactivar los&nbsp;<strong>anuncios basados en cookies de&nbsp;<em>remarketing<\/em><\/strong>&nbsp;puede utilizar los siguientes enlaces:&nbsp;<a href=\"https:\/\/www.facebook.com\/help\/516147308587266\" target=\"_blank\" rel=\"noreferrer noopener\">Facebook<\/a>&nbsp;y&nbsp;<a href=\"https:\/\/support.twitter.com\/articles\/20171552\" target=\"_blank\" rel=\"noreferrer noopener\">Twitter<\/a>. Asimismo, puedes configurar la opci\u00f3n \u00ab<a href=\"https:\/\/support.twitter.com\/articles\/20171375\" target=\"_blank\" rel=\"noreferrer noopener\">No rastrear<\/a>\u00bb en Twitter.<\/p>\n\n\n\n<p>Para gestionar los \u201c<strong>anuncios de Google<\/strong>\u201d puede utilizar el siguiente enlace:&nbsp;<a href=\"http:\/\/www.google.com\/settings\/ads\/anonymous?hl=es\" target=\"_blank\" rel=\"noreferrer noopener\">Controla tus anuncios Google<\/a>. Asimismo, puede excluirse voluntariamente de la recopilaci\u00f3n de informaci\u00f3n de<strong>&nbsp;DoubleClick (Google), Facebook, Twitter<\/strong>&nbsp;y otras entidades, a trav\u00e9s de los siguientes enlaces:&nbsp;<a href=\"http:\/\/www.networkadvertising.org\/managing\/opt_out.asp\" target=\"_blank\" rel=\"noreferrer noopener\">networkadvertising.org<\/a>,&nbsp;<a href=\"http:\/\/www.youronlinechoices.com\/uk\/your-ad-choices\" target=\"_blank\" rel=\"noreferrer noopener\">youronlinechoices.com<\/a>&nbsp;y&nbsp;<a href=\"http:\/\/www.aboutads.info\/choices\/\" target=\"_blank\" rel=\"noreferrer noopener\">aboutads.info<\/a>.<\/p>\n\n\n\n<p>Por otro lado, si no desea que el c\u00f3digo JavaScript de&nbsp;<strong>Google Analytics<\/strong>&nbsp;recopile los datos de su visita puede instalar el&nbsp;<a href=\"https:\/\/tools.google.com\/dlpage\/gaoptout\" target=\"_blank\" rel=\"noreferrer noopener\">complemento de inhabilitaci\u00f3n<\/a>&nbsp;para navegadores de Google Analytics. El complemento no evita que la informaci\u00f3n se env\u00ede al sitio web o, por otras v\u00edas, a otros servicios de anal\u00edtica web. Puede encontrar otras opciones de configuraci\u00f3n de la privacidad de los servicios de&nbsp;<strong>Google<\/strong>&nbsp;en los siguientes enlaces:&nbsp;<a href=\"https:\/\/privacy.google.com\/my-controls.html\" target=\"_blank\" rel=\"noreferrer noopener\">Privacy Controls Google<\/a>&nbsp;y&nbsp;<a href=\"http:\/\/www.google.com\/intl\/ca\/policies\/privacy\/partners\" target=\"_blank\" rel=\"noreferrer noopener\">Privacy partners Google<\/a>.<\/p>\n\n\n\n<p>En caso de&nbsp;<strong>bloquear o desactivar<\/strong>&nbsp;el uso de \u2018<strong>cookies<\/strong>\u2018 en su navegador&nbsp;<strong>es posible que algunos servicios o funcionalidades de la p\u00e1gina web no est\u00e9n disponibles<\/strong>.<\/p>\n","protected":false},"excerpt":{"rendered":"<p>COOKIES Esta web utiliza tanto \u2018cookies\u2019 temporales de sesi\u00f3n como \u2018cookies\u2019 permanentes. Las \u2018cookies\u2019 de sesi\u00f3n almacenan datos \u00fanicamente mientras el usuario accede a la web y las \u2018cookies\u2019 permanentes almacenan los datos en el terminal para que sean accedidos y utilizados en m\u00e1s de una sesi\u00f3n. Seg\u00fan la finalidad para la que se traten&hellip;&nbsp;<a href=\"https:\/\/nova-llar.com\/?page_id=1493\" rel=\"bookmark\">Leer m\u00e1s &raquo;<span class=\"screen-reader-text\">Pol\u00edtica de Cookies<\/span><\/a><\/p>\n","protected":false},"author":1,"featured_media":0,"parent":0,"menu_order":0,"comment_status":"closed","ping_status":"closed","template":"","meta":{"neve_meta_sidebar":"full-width","neve_meta_container":"","neve_meta_enable_content_width":"on","neve_meta_content_width":100,"neve_meta_title_alignment":"","neve_meta_author_avatar":"","neve_post_elements_order":"","neve_meta_disable_header":"","neve_meta_disable_footer":"","neve_meta_disable_title":"","footnotes":""},"class_list":["post-1493","page","type-page","status-publish","hentry"],"_links":{"self":[{"href":"https:\/\/nova-llar.com\/index.php?rest_route=\/wp\/v2\/pages\/1493","targetHints":{"allow":["GET"]}}],"collection":[{"href":"https:\/\/nova-llar.com\/index.php?rest_route=\/wp\/v2\/pages"}],"about":[{"href":"https:\/\/nova-llar.com\/index.php?rest_route=\/wp\/v2\/types\/page"}],"author":[{"embeddable":true,"href":"https:\/\/nova-llar.com\/index.php?rest_route=\/wp\/v2\/users\/1"}],"replies":[{"embeddable":true,"href":"https:\/\/nova-llar.com\/index.php?rest_route=%2Fwp%2Fv2%2Fcomments&post=1493"}],"version-history":[{"count":3,"href":"https:\/\/nova-llar.com\/index.php?rest_route=\/wp\/v2\/pages\/1493\/revisions"}],"predecessor-version":[{"id":1498,"href":"https:\/\/nova-llar.com\/index.php?rest_route=\/wp\/v2\/pages\/1493\/revisions\/1498"}],"wp:attachment":[{"href":"https:\/\/nova-llar.com\/index.php?rest_route=%2Fwp%2Fv2%2Fmedia&parent=1493"}],"curies":[{"name":"wp","href":"https:\/\/api.w.org\/{rel}","templated":true}]}}