{"id":5,"date":"2020-01-13T11:17:52","date_gmt":"2020-01-13T11:17:52","guid":{"rendered":"https:\/\/nova-llar.com\/?page_id=5"},"modified":"2021-04-19T08:10:38","modified_gmt":"2021-04-19T08:10:38","slug":"15c42-web-agency-gb-home","status":"publish","type":"page","link":"https:\/\/nova-llar.com\/","title":{"rendered":"Home"},"content":{"rendered":"\n<div class=\"wp-block-cover alignfull\" style=\"min-height:700px;aspect-ratio:unset;\"><img decoding=\"async\" class=\"wp-block-cover__image-background wp-image-1079\" alt=\"\" src=\"https:\/\/nova-llar.com\/wp-content\/uploads\/2021\/03\/server-scaled.jpg\" style=\"object-position:46% 0%\" data-object-fit=\"cover\" data-object-position=\"46% 0%\"\/><div class=\"wp-block-cover__inner-container is-layout-flow wp-block-cover-is-layout-flow\">\n<div style=\"height:80px\" aria-hidden=\"true\" class=\"wp-block-spacer\"><\/div>\n\n\n\n<h1 class=\"has-text-align-center portada has-nv-site-bg-color has-text-color wp-block-heading\">Nova Llar<\/h1>\n\n\n\n<p class=\"has-text-align-center portada has-nv-site-bg-color has-text-color\" style=\"font-size:17px\">Especialistas en dise\u00f1o, administraci\u00f3n y hosting web<\/p>\n\n\n\n<div class=\"wp-block-buttons is-content-justification-center is-layout-flex wp-block-buttons-is-layout-flex\">\n<div class=\"wp-block-button is-style-primary\"><a class=\"wp-block-button__link has-nv-site-bg-color has-text-color\" href=\"https:\/\/nova-llar.com\/?page_id=2\">NotIcias<\/a><\/div>\n\n\n\n<div class=\"wp-block-button is-style-secondary\"><a class=\"wp-block-button__link\" href=\"https:\/\/nova-llar.com\/?page_id=1232\">contacto<\/a><\/div>\n<\/div>\n\n\n\n<div style=\"height:80px\" aria-hidden=\"true\" class=\"wp-block-spacer\"><\/div>\n\n\n\n<div style=\"height:80px\" aria-hidden=\"true\" class=\"wp-block-spacer\"><\/div>\n\n\n\n<p><\/p>\n<\/div><\/div>\n\n\n\n<div style=\"height:80px\" aria-hidden=\"true\" class=\"wp-block-spacer\"><\/div>\n\n\n\n<div class=\"wp-block-columns is-layout-flex wp-container-core-columns-is-layout-9d6595d7 wp-block-columns-is-layout-flex\">\n<div class=\"wp-block-column is-layout-flow wp-block-column-is-layout-flow\">\n<div class=\"wp-block-image icon-style\"><figure class=\"aligncenter size-large is-resized\"><img decoding=\"async\" src=\"https:\/\/nova-llar.com\/wp-content\/uploads\/2021\/04\/dominio.svg\" alt=\"\" width=\"64\" height=\"64\"><\/figure><\/div>\n\n\n\n<h4 class=\"has-text-align-center has-neve-text-color-color has-text-color wp-block-heading\">Registro de dominios<\/h4>\n<\/div>\n\n\n\n<div class=\"wp-block-column is-layout-flow wp-block-column-is-layout-flow\">\n<div class=\"wp-block-image icon-style\"><figure class=\"aligncenter size-large is-resized\"><img decoding=\"async\" src=\"https:\/\/nova-llar.com\/wp-content\/uploads\/2021\/04\/internet.svg\" alt=\"\" width=\"64\" height=\"64\"\/><\/figure><\/div>\n\n\n\n<h4 class=\"has-text-align-center has-neve-text-color-color has-text-color wp-block-heading\">Dise\u00f1o web<\/h4>\n\n\n\n<div style=\"height:20px\" aria-hidden=\"true\" class=\"wp-block-spacer\"><\/div>\n<\/div>\n\n\n\n<div class=\"wp-block-column is-layout-flow wp-block-column-is-layout-flow\">\n<div class=\"wp-block-image icon-style\"><figure class=\"aligncenter size-large is-resized\"><img decoding=\"async\" src=\"https:\/\/nova-llar.com\/wp-content\/uploads\/2021\/04\/alojamiento.svg\" alt=\"\" width=\"64\" height=\"64\"><\/figure><\/div>\n\n\n\n<h4 class=\"has-text-align-center has-neve-text-color-color has-text-color wp-block-heading\">Alojamiento<\/h4>\n\n\n\n<div style=\"height:20px\" aria-hidden=\"true\" class=\"wp-block-spacer\"><\/div>\n<\/div>\n<\/div>\n\n\n\n<div class=\"wp-block-columns is-layout-flex wp-container-core-columns-is-layout-9d6595d7 wp-block-columns-is-layout-flex\">\n<div class=\"wp-block-column is-layout-flow wp-block-column-is-layout-flow\">\n<div class=\"wp-block-image icon-style\"><figure class=\"aligncenter size-large is-resized\"><img loading=\"lazy\" decoding=\"async\" src=\"https:\/\/nova-llar.com\/wp-content\/uploads\/2021\/04\/seguridad.svg\" alt=\"\" width=\"64\" height=\"64\"><\/figure><\/div>\n\n\n\n<h4 class=\"has-text-align-center has-neve-text-color-color has-text-color wp-block-heading\">Seguridad<\/h4>\n<\/div>\n\n\n\n<div class=\"wp-block-column is-layout-flow wp-block-column-is-layout-flow\">\n<div class=\"wp-block-image icon-style\"><figure class=\"aligncenter size-large is-resized\"><img loading=\"lazy\" decoding=\"async\" src=\"https:\/\/nova-llar.com\/wp-content\/uploads\/2021\/04\/marketing.svg\" alt=\"\" width=\"64\" height=\"64\"\/><\/figure><\/div>\n\n\n\n<h4 class=\"has-text-align-center has-neve-text-color-color has-text-color wp-block-heading\">Marketing<\/h4>\n\n\n\n<div style=\"height:20px\" aria-hidden=\"true\" class=\"wp-block-spacer\"><\/div>\n<\/div>\n\n\n\n<div class=\"wp-block-column is-layout-flow wp-block-column-is-layout-flow\">\n<div class=\"wp-block-image icon-style\"><figure class=\"aligncenter size-large is-resized\"><img loading=\"lazy\" decoding=\"async\" src=\"https:\/\/nova-llar.com\/wp-content\/uploads\/2021\/04\/mantenimiento.svg\" alt=\"\" width=\"64\" height=\"64\"><\/figure><\/div>\n\n\n\n<h4 class=\"has-text-align-center has-neve-text-color-color has-text-color wp-block-heading\">Mantenimiento<\/h4>\n\n\n\n<div style=\"height:20px\" aria-hidden=\"true\" class=\"wp-block-spacer\"><\/div>\n<\/div>\n<\/div>\n\n\n\n<div style=\"height:12px\" aria-hidden=\"true\" class=\"wp-block-spacer\"><\/div>\n\n\n\n<div class=\"wp-block-cover alignfull has-nv-light-bg-background-color has-background-dim\" style=\"min-height:600px;aspect-ratio:unset;\"><div class=\"wp-block-cover__inner-container is-layout-flow wp-block-cover-is-layout-flow\">\n<div class=\"wp-block-group\"><div class=\"wp-block-group__inner-container is-layout-flow wp-block-group-is-layout-flow\">\n<div style=\"height:80px\" aria-hidden=\"true\" class=\"wp-block-spacer\"><\/div>\n\n\n\n<div class=\"wp-block-columns are-vertically-aligned-center is-layout-flex wp-container-core-columns-is-layout-9d6595d7 wp-block-columns-is-layout-flex\">\n<div class=\"wp-block-column is-vertically-aligned-center is-layout-flow wp-block-column-is-layout-flow\" style=\"flex-basis:50%\">\n<div class=\"wp-block-image is-style-default\"><figure class=\"alignleft size-full\"><img loading=\"lazy\" decoding=\"async\" width=\"1963\" height=\"1963\" src=\"https:\/\/nova-llar.com\/wp-content\/uploads\/2021\/04\/servicios.jpg\" alt=\"\" class=\"wp-image-1270\" srcset=\"https:\/\/nova-llar.com\/wp-content\/uploads\/2021\/04\/servicios.jpg 1963w, https:\/\/nova-llar.com\/wp-content\/uploads\/2021\/04\/servicios-300x300.jpg 300w, https:\/\/nova-llar.com\/wp-content\/uploads\/2021\/04\/servicios-100x100.jpg 100w, https:\/\/nova-llar.com\/wp-content\/uploads\/2021\/04\/servicios-600x600.jpg 600w, https:\/\/nova-llar.com\/wp-content\/uploads\/2021\/04\/servicios-1024x1024.jpg 1024w, https:\/\/nova-llar.com\/wp-content\/uploads\/2021\/04\/servicios-150x150.jpg 150w, https:\/\/nova-llar.com\/wp-content\/uploads\/2021\/04\/servicios-768x768.jpg 768w, https:\/\/nova-llar.com\/wp-content\/uploads\/2021\/04\/servicios-1536x1536.jpg 1536w\" sizes=\"(max-width: 1963px) 100vw, 1963px\" \/><\/figure><\/div>\n<\/div>\n\n\n\n<div class=\"wp-block-column is-vertically-aligned-center is-layout-flow wp-block-column-is-layout-flow\" style=\"flex-basis:50%\">\n<div style=\"height:20px\" aria-hidden=\"true\" class=\"wp-block-spacer\"><\/div>\n\n\n\n<h2 class=\"has-text-align-left has-neve-text-color-color has-text-color wp-block-heading\">Ayudamos a digitalizar su negocio<\/h2>\n\n\n\n<p class=\"has-text-align-left has-neve-text-color-color has-text-color\" style=\"font-size:17px\">Somos Nova Llar, expertos en dise\u00f1o, administraci\u00f3n y hosting web. <br><br>Contribuimos a la modernizaci\u00f3n de su empresa, utilizando tecnolog\u00eda novedosa y segura, para garantizar su \u00e9xito en Internet.<br><br>Le proporcionamos a su negocio un lugar donde darse a conocer y de esta forma captar nuevos clientes.<\/p>\n\n\n\n<div class=\"wp-block-buttons is-content-justification-left is-layout-flex wp-block-buttons-is-layout-flex\">\n<div class=\"wp-block-button is-style-primary\"><a class=\"wp-block-button__link has-nv-site-bg-color has-text-color\" href=\"https:\/\/nova-llar.com\/?post_type=product\">M\u00e1s informaci\u00f3n<\/a><\/div>\n<\/div>\n<\/div>\n<\/div>\n\n\n\n<div style=\"height:40px\" aria-hidden=\"true\" class=\"wp-block-spacer\"><\/div>\n<\/div><\/div>\n<\/div><\/div>\n\n\n\n<div class=\"wp-block-cover alignfull has-nv-site-bg-background-color has-background-dim\" style=\"min-height:600px;aspect-ratio:unset;\"><div class=\"wp-block-cover__inner-container is-layout-flow wp-block-cover-is-layout-flow\">\n<div class=\"wp-block-group\"><div class=\"wp-block-group__inner-container is-layout-flow wp-block-group-is-layout-flow\">\n<div style=\"height:80px\" aria-hidden=\"true\" class=\"wp-block-spacer\"><\/div>\n\n\n\n<div class=\"wp-block-columns are-vertically-aligned-center is-layout-flex wp-container-core-columns-is-layout-9d6595d7 wp-block-columns-is-layout-flex\">\n<div class=\"wp-block-column is-vertically-aligned-center is-layout-flow wp-block-column-is-layout-flow\" style=\"flex-basis:50%\">\n<h2 class=\"has-text-align-left has-neve-text-color-color has-text-color wp-block-heading\">Combinar el negocio f\u00edsico y digital es la base del futuro&#8230;<\/h2>\n\n\n\n<h3 class=\"has-neve-link-hover-color-color has-text-color wp-block-heading\">&#8230; y ya puede ser una realidad para el tuyo<\/h3>\n\n\n\n<p class=\"has-text-align-left has-neve-text-color-color has-text-color\" style=\"font-size:17px\">Te proporcionamos las herramientas para hacer crecer tu empresa.<\/p>\n\n\n\n<div class=\"wp-block-buttons is-content-justification-left is-layout-flex wp-block-buttons-is-layout-flex\"><\/div>\n\n\n\n<div style=\"height:40px\" aria-hidden=\"true\" class=\"wp-block-spacer\"><\/div>\n<\/div>\n\n\n\n<div class=\"wp-block-column is-vertically-aligned-center is-layout-flow wp-block-column-is-layout-flow\" style=\"flex-basis:50%\">\n<figure class=\"wp-block-image size-large\"><img loading=\"lazy\" decoding=\"async\" width=\"1024\" height=\"872\" src=\"https:\/\/nova-llar.com\/wp-content\/uploads\/2021\/03\/diseno-1024x872.png\" alt=\"\" class=\"wp-image-1081\" srcset=\"https:\/\/nova-llar.com\/wp-content\/uploads\/2021\/03\/diseno-1024x872.png 1024w, https:\/\/nova-llar.com\/wp-content\/uploads\/2021\/03\/diseno-600x511.png 600w, https:\/\/nova-llar.com\/wp-content\/uploads\/2021\/03\/diseno-300x256.png 300w, https:\/\/nova-llar.com\/wp-content\/uploads\/2021\/03\/diseno-768x654.png 768w, https:\/\/nova-llar.com\/wp-content\/uploads\/2021\/03\/diseno-1536x1309.png 1536w, https:\/\/nova-llar.com\/wp-content\/uploads\/2021\/03\/diseno.png 1601w\" sizes=\"(max-width: 1024px) 100vw, 1024px\" \/><\/figure>\n<\/div>\n<\/div>\n\n\n\n<div style=\"height:40px\" aria-hidden=\"true\" class=\"wp-block-spacer\"><\/div>\n<\/div><\/div>\n<\/div><\/div>\n\n\n\n<div class=\"wp-block-cover alignfull has-nv-dark-bg-background-color has-background-dim\" style=\"min-height:600px;aspect-ratio:unset;\"><div class=\"wp-block-cover__inner-container is-layout-flow wp-block-cover-is-layout-flow\">\n<div class=\"wp-block-group\"><div class=\"wp-block-group__inner-container is-layout-flow wp-block-group-is-layout-flow\">\n<div style=\"height:80px\" aria-hidden=\"true\" class=\"wp-block-spacer\"><\/div>\n\n\n\n<div class=\"wp-block-columns are-vertically-aligned-center is-layout-flex wp-container-core-columns-is-layout-9d6595d7 wp-block-columns-is-layout-flex\">\n<div class=\"wp-block-column is-vertically-aligned-center is-layout-flow wp-block-column-is-layout-flow\" style=\"flex-basis:50%\">\n<figure class=\"wp-block-image size-large\"><img loading=\"lazy\" decoding=\"async\" width=\"1024\" height=\"1024\" src=\"https:\/\/nova-llar.com\/wp-content\/uploads\/2021\/04\/server2-1024x1024.jpg\" alt=\"\" class=\"wp-image-1267\" srcset=\"https:\/\/nova-llar.com\/wp-content\/uploads\/2021\/04\/server2-1024x1024.jpg 1024w, https:\/\/nova-llar.com\/wp-content\/uploads\/2021\/04\/server2-300x300.jpg 300w, https:\/\/nova-llar.com\/wp-content\/uploads\/2021\/04\/server2-scaled-100x100.jpg 100w, https:\/\/nova-llar.com\/wp-content\/uploads\/2021\/04\/server2-scaled-600x600.jpg 600w, https:\/\/nova-llar.com\/wp-content\/uploads\/2021\/04\/server2-150x150.jpg 150w, https:\/\/nova-llar.com\/wp-content\/uploads\/2021\/04\/server2-768x768.jpg 768w, https:\/\/nova-llar.com\/wp-content\/uploads\/2021\/04\/server2-1536x1536.jpg 1536w, https:\/\/nova-llar.com\/wp-content\/uploads\/2021\/04\/server2-2048x2048.jpg 2048w\" sizes=\"(max-width: 1024px) 100vw, 1024px\" \/><\/figure>\n<\/div>\n\n\n\n<div class=\"wp-block-column is-vertically-aligned-center is-layout-flow wp-block-column-is-layout-flow\" style=\"flex-basis:50%\">\n<div style=\"height:40px\" aria-hidden=\"true\" class=\"wp-block-spacer\"><\/div>\n\n\n\n<h2 class=\"has-text-align-left has-nv-text-dark-bg-color has-text-color wp-block-heading\">M\u00e1s servicios<\/h2>\n\n\n\n<p class=\"has-text-align-left has-nv-text-dark-bg-color has-text-color\" style=\"font-size:17px\">El secreto no est\u00e1 simplemente en abrir un sitio web. Detr\u00e1s de esto hay un largo proceso de posicionamiento en buscadores, mantenimiento, y hosting ya que es muy importante que los usuarios vean en su p\u00e1gina web un sitio atractivo y din\u00e1mico al cual es interesante entrar peri\u00f3dicamente.<\/p>\n\n\n\n<div class=\"wp-block-buttons is-content-justification-left is-layout-flex wp-block-buttons-is-layout-flex\">\n<div class=\"wp-block-button is-style-primary\"><a class=\"wp-block-button__link has-nv-site-bg-color has-neve-link-hover-color-background-color has-text-color has-background\" href=\"https:\/\/nova-llar.com\/?post_type=product\">ver m\u00e1s<\/a><\/div>\n<\/div>\n<\/div>\n<\/div>\n\n\n\n<div style=\"height:40px\" aria-hidden=\"true\" class=\"wp-block-spacer\"><\/div>\n<\/div><\/div>\n<\/div><\/div>\n\n\n\n<div style=\"height:40px\" aria-hidden=\"true\" class=\"wp-block-spacer\"><\/div>\n\n\n\n<div class=\"wp-block-uagb-advanced-heading uagb-block-f6106741\"><h2 class=\"uagb-heading-text\">Noticias<\/h2><div class=\"uagb-separator-wrap\"><div class=\"uagb-separator\"><\/div><\/div><p class=\"uagb-desc-text\"><\/p><\/div>\n\n\n\n\n\n<div class=\"wp-block-buttons is-content-justification-center is-layout-flex wp-block-buttons-is-layout-flex\">\n<div class=\"wp-block-button\"><a class=\"wp-block-button__link has-nv-site-bg-color has-neve-link-hover-color-background-color has-text-color has-background\" href=\"https:\/\/nova-llar.com\/?page_id=2\">M\u00e1s noticias<\/a><\/div>\n<\/div>\n\n\n\n<div style=\"height:40px\" aria-hidden=\"true\" class=\"wp-block-spacer\"><\/div>\n\n\n\n<div class=\"wp-block-cover alignfull has-nv-light-bg-background-color has-background-dim\" style=\"min-height:600px;aspect-ratio:unset;\"><div class=\"wp-block-cover__inner-container is-layout-flow wp-block-cover-is-layout-flow\">\n<div class=\"wp-block-group\"><div class=\"wp-block-group__inner-container is-layout-flow wp-block-group-is-layout-flow\">\n<div style=\"height:17px\" aria-hidden=\"true\" class=\"wp-block-spacer\"><\/div>\n\n\n\n<div class=\"wp-block-columns are-vertically-aligned-center is-layout-flex wp-container-core-columns-is-layout-9d6595d7 wp-block-columns-is-layout-flex\">\n<div class=\"wp-block-column is-vertically-aligned-center is-layout-flow wp-block-column-is-layout-flow\" style=\"flex-basis:100%\">\n<div class=\"wp-block-uagb-advanced-heading uagb-block-ac15568a\"><h2 class=\"uagb-heading-text\">Tienda<\/h2><div class=\"uagb-separator-wrap\"><div class=\"uagb-separator\"><\/div><\/div><p class=\"uagb-desc-text\"><\/p><\/div>\n\n\n<div data-align-buttons=\"true\" data-block-name=\"woocommerce\/handpicked-products\" data-content-visibility=\"{&quot;title&quot;:true,&quot;price&quot;:true,&quot;rating&quot;:true,&quot;button&quot;:false}\" data-edit-mode=\"false\" data-products=\"[1394]\" class=\"wc-block-grid wp-block-handpicked-products wp-block-woocommerce-handpicked-products wc-block-handpicked-products has-3-columns has-multiple-rows has-aligned-buttons\"><ul class=\"wc-block-grid__products\"><li class=\"wc-block-grid__product\">\n\t\t\t\t<a href=\"https:\/\/nova-llar.com\/?product=prova\" class=\"wc-block-grid__product-link\">\n\t\t\t\t\t\n\t\t\t\t\t<div class=\"wc-block-grid__product-image\"><img loading=\"lazy\" decoding=\"async\" width=\"300\" height=\"300\" src=\"https:\/\/nova-llar.com\/wp-content\/uploads\/2021\/04\/album-1-300x300.jpg\" class=\"attachment-woocommerce_thumbnail size-woocommerce_thumbnail\" alt=\"Prova\" srcset=\"https:\/\/nova-llar.com\/wp-content\/uploads\/2021\/04\/album-1-300x300.jpg 300w, https:\/\/nova-llar.com\/wp-content\/uploads\/2021\/04\/album-1-100x100.jpg 100w, https:\/\/nova-llar.com\/wp-content\/uploads\/2021\/04\/album-1-600x600.jpg 600w, https:\/\/nova-llar.com\/wp-content\/uploads\/2021\/04\/album-1-150x150.jpg 150w, https:\/\/nova-llar.com\/wp-content\/uploads\/2021\/04\/album-1-768x768.jpg 768w, https:\/\/nova-llar.com\/wp-content\/uploads\/2021\/04\/album-1.jpg 800w\" sizes=\"(max-width: 300px) 100vw, 300px\" \/><\/div>\n\t\t\t\t\t<div class=\"wc-block-grid__product-title\">Prova<\/div>\n\t\t\t\t<\/a>\n\t\t\t\t<div class=\"wc-block-grid__product-price price\"><span class=\"woocommerce-Price-amount amount\">15,00<span class=\"woocommerce-Price-currencySymbol\">&euro;<\/span><\/span><\/div>\n\t\t\t\t\n\t\t\t\t\n\t\t\t<\/li><\/ul><\/div>\n\n\n<div class=\"wp-block-buttons is-content-justification-center is-layout-flex wp-block-buttons-is-layout-flex\">\n<div class=\"wp-block-button\"><a class=\"wp-block-button__link has-nv-site-bg-color has-neve-link-hover-color-background-color has-text-color has-background\" href=\"https:\/\/nova-llar.com\/?post_type=product\">Ir a la tienda<\/a><\/div>\n<\/div>\n<\/div>\n<\/div>\n\n\n\n<div style=\"height:40px\" aria-hidden=\"true\" class=\"wp-block-spacer\"><\/div>\n<\/div><\/div>\n<\/div><\/div>\n\n\n\n<div style=\"height:20px\" aria-hidden=\"true\" class=\"wp-block-spacer\"><\/div>\n\n\n\n<p><\/p>\n","protected":false},"excerpt":{"rendered":"<p>Registro de dominios Dise\u00f1o web Alojamiento Seguridad Marketing Mantenimiento<\/p>\n","protected":false},"author":1,"featured_media":0,"parent":0,"menu_order":0,"comment_status":"closed","ping_status":"closed","template":"","meta":{"neve_meta_sidebar":"default","neve_meta_container":"default","neve_meta_enable_content_width":"on","neve_meta_content_width":100,"neve_meta_title_alignment":"","neve_meta_author_avatar":"","neve_post_elements_order":"","neve_meta_disable_header":"","neve_meta_disable_footer":"","neve_meta_disable_title":"on","footnotes":""},"class_list":["post-5","page","type-page","status-publish","hentry"],"_links":{"self":[{"href":"https:\/\/nova-llar.com\/index.php?rest_route=\/wp\/v2\/pages\/5","targetHints":{"allow":["GET"]}}],"collection":[{"href":"https:\/\/nova-llar.com\/index.php?rest_route=\/wp\/v2\/pages"}],"about":[{"href":"https:\/\/nova-llar.com\/index.php?rest_route=\/wp\/v2\/types\/page"}],"author":[{"embeddable":true,"href":"https:\/\/nova-llar.com\/index.php?rest_route=\/wp\/v2\/users\/1"}],"replies":[{"embeddable":true,"href":"https:\/\/nova-llar.com\/index.php?rest_route=%2Fwp%2Fv2%2Fcomments&post=5"}],"version-history":[{"count":97,"href":"https:\/\/nova-llar.com\/index.php?rest_route=\/wp\/v2\/pages\/5\/revisions"}],"predecessor-version":[{"id":1482,"href":"https:\/\/nova-llar.com\/index.php?rest_route=\/wp\/v2\/pages\/5\/revisions\/1482"}],"wp:attachment":[{"href":"https:\/\/nova-llar.com\/index.php?rest_route=%2Fwp%2Fv2%2Fmedia&parent=5"}],"curies":[{"name":"wp","href":"https:\/\/api.w.org\/{rel}","templated":true}]}}